{"id":710,"date":"2016-11-24T13:20:01","date_gmt":"2016-11-24T13:20:01","guid":{"rendered":"http:\/\/www.whatsupmp.com\/neu\/?page_id=710"},"modified":"2019-08-25T18:01:06","modified_gmt":"2019-08-25T18:01:06","slug":"impressum","status":"publish","type":"page","link":"https:\/\/www.whatsupmp.com\/de\/impressum\/","title":{"rendered":"Impressum"},"content":{"rendered":"<p>[vc_row][vc_column][vc_column_text]<\/p>\n<div id=\"header_layer\">\n<div class=\"tinyText stroke_0\"><strong>What\u00b4s Up Studio<\/strong><\/div>\n<div id=\"id1\" class=\"style_SkipStroke shape-with-text\">\n<div class=\"text-content graphic_textbox_layout_style_default_External_507_107\">\n<div class=\"graphic_textbox_layout_style_default\">\n<p class=\"paragraph_style_1\">Alter Schulweg 11d * 25373 Ellerhoop<\/p>\n<\/div>\n<\/div>\n<\/div>\n<div id=\"id2\" class=\"style_SkipStroke shape-with-text\"><\/div>\n<\/div>\n<div id=\"body_layer\">\n<div id=\"id6\" class=\"style_SkipStroke shape-with-text\">\n<div class=\"text-content graphic_textbox_layout_style_default_External_760_586\">\n<div class=\"graphic_textbox_layout_style_default\">\n<p class=\"Body\"><span class=\"style\">Haftungsausschluss (Disclaimer)<br \/>\n<\/span><\/p>\n<hr \/>\n<p class=\"Body\"><span class=\"style\"><strong>Haftung f\u00fcr Inhalte<\/strong><br \/>\n<\/span><\/p>\n<p class=\"Body\"><span class=\"style\">Als Diensteanbieter sind wir gem\u00e4\u00df \u00a7 7 Abs.1 TMG f\u00fcr eigene Inhalte auf diesen Seiten nach den allgemeinen Gesetzen verantwortlich. Nach \u00a7\u00a7 8 bis 10 TMG sind wir als Diensteanbieter jedoch nicht verpflichtet, \u00fcbermittelte oder gespeicherte fremde Informationen zu \u00fcberwachen oder nach Umst\u00e4nden zu forschen, die auf eine rechtswidrige T\u00e4tigkeit hinweisen. Verpflichtungen zur Entfernung oder Sperrung der Nutzung von Informationen nach den allgemeinen Gesetzen bleiben hiervon unber\u00fchrt. Eine diesbez\u00fcgliche Haftung ist jedoch erst ab dem Zeitpunkt der Kenntnis einer konkreten Rechtsverletzung m\u00f6glich. Bei Bekanntwerden von entsprechenden Rechtsverletzungen werden wir diese Inhalte umgehend entfernen.<br \/>\n<\/span><\/p>\n<p class=\"Body\"><span class=\"style\">Haftung f\u00fcr Links<br \/>\n<\/span><\/p>\n<p class=\"Body\"><span class=\"style\">Unser Angebot enth\u00e4lt Links zu externen Webseiten Dritter, auf deren Inhalte wir keinen Einfluss haben. Deshalb k\u00f6nnen wir f\u00fcr diese fremden Inhalte auch keine Gew\u00e4hr \u00fcbernehmen. F\u00fcr die Inhalte der verlinkten Seiten ist stets der jeweilige Anbieter oder Betreiber der Seiten verantwortlich. Die verlinkten Seiten wurden zum Zeitpunkt der Verlinkung auf m\u00f6gliche Rechtsverst\u00f6\u00dfe \u00fcberpr\u00fcft. Rechtswidrige Inhalte waren zum Zeitpunkt der Verlinkung nicht erkennbar. Eine permanente inhaltliche Kontrolle der verlinkten Seiten ist jedoch ohne konkrete Anhaltspunkte einer Rechtsverletzung nicht zumutbar. Bei Bekanntwerden von Rechtsverletzungen werden wir derartige Links umgehend entfernen.<br \/>\n<\/span><\/p>\n<p class=\"Body\"><span class=\"style\">Urheberrecht<br \/>\n<\/span><\/p>\n<p class=\"Body\"><span class=\"style\">Die durch die Seitenbetreiber erstellten Inhalte und Werke auf diesen Seiten unterliegen dem deutschen Urheberrecht. Die Vervielf\u00e4ltigung, Bearbeitung, Verbreitung und jede Art der Verwertung au\u00dferhalb der Grenzen des Urheberrechtes bed\u00fcrfen der schriftlichen Zustimmung des jeweiligen Autors bzw. Erstellers. Downloads und Kopien dieser Seite sind nur f\u00fcr den privaten, nicht kommerziellen Gebrauch gestattet. Soweit die Inhalte auf dieser Seite nicht vom Betreiber erstellt wurden, werden die Urheberrechte Dritter beachtet. Insbesondere werden Inhalte Dritter als solche gekennzeichnet. Sollten Sie trotzdem auf eine Urheberrechtsverletzung aufmerksam werden, bitten wir um einen entsprechenden Hinweis. Bei Bekanntwerden von Rechtsverletzungen werden wir derartige Inhalte umgehend<\/span><span class=\"style_1\">\u00a0<\/span><span class=\"style_2\">entfernen<\/span><span class=\"style_3\">.<br \/>\n<\/span><\/p>\n<p class=\"paragraph_style_3\">Die Nutzung unserer Webseite ist in der Regel ohne Angabe personenbezogener Daten m\u00f6glich. Soweit auf unseren Seiten personenbezogene Daten (beispielsweise Name, Anschrift oder eMail-Adressen) erhoben werden, erfolgt dies, soweit m\u00f6glich, stets auf freiwilliger Basis. Diese Daten werden ohne Ihre ausdr\u00fcckliche Zustimmung nicht an Dritte weitergegeben. Wir weisen darauf hin, dass die Daten\u00fcbertragung im Internet (z.B. bei der Kommunikation per E-Mail) Sicherheitsl\u00fccken aufweisen kann. Ein l\u00fcckenloser Schutz der Daten vor dem Zugriff durch Dritte ist nicht m\u00f6glich.<\/p>\n<p class=\"paragraph_style_3\">Der Nutzung von im Rahmen der Impressumspflicht ver\u00f6ffentlichten Kontaktdaten durch Dritte zur \u00dcbersendung von nicht ausdr\u00fccklich angeforderter Werbung und Informationsmaterialien wird hiermit ausdr\u00fccklich widersprochen. Die Betreiber der Seiten behalten sich ausdr\u00fccklich rechtliche Schritte im Falle der unverlangten Zusendung von Werbeinformationen, etwa durch Spam-Mails, vor.<\/p>\n<p class=\"paragraph_style_3\">Auskunft, L\u00f6schung, Sperrung<\/p>\n<p class=\"paragraph_style_3\">Sie haben jederzeit das Recht auf unentgeltliche Auskunft \u00fcber Ihre gespeicherten personenbezogenen Daten, deren Herkunft und Empf\u00e4nger und den Zweck der Datenverarbeitung sowie ein Recht auf Berichtigung, Sperrung oder L\u00f6schung dieser Daten. Hierzu sowie zu weiteren Fragen zum Thema personenbezogene Daten k\u00f6nnen Sie sich jederzeit \u00fcber die im Impressum angegeben Adresse des Webseitenbetreibers an uns wenden.<\/p>\n<\/div>\n<\/div>\n<\/div>\n<\/div>\n<p>[\/vc_column_text][\/vc_column][\/vc_row]<\/p>\n","protected":false},"excerpt":{"rendered":"<p>[vc_row][vc_column][vc_column_text] What\u00b4s Up Studio Alter Schulweg 11d * 25373 Ellerhoop Haftungsausschluss (Disclaimer) Haftung f\u00fcr Inhalte Als Diensteanbieter sind wir gem\u00e4\u00df \u00a7 7 Abs.1 TMG f\u00fcr eigene Inhalte auf diesen Seiten nach den allgemeinen Gesetzen verantwortlich. Nach \u00a7\u00a7 8 bis 10 TMG sind wir als Diensteanbieter jedoch nicht verpflichtet, \u00fcbermittelte oder gespeicherte fremde Informationen zu \u00fcberwachen [&hellip;]<\/p>\n","protected":false},"author":1,"featured_media":0,"parent":0,"menu_order":0,"comment_status":"closed","ping_status":"closed","template":"template-onepager.php","meta":[],"_links":{"self":[{"href":"https:\/\/www.whatsupmp.com\/de\/wp-json\/wp\/v2\/pages\/710"}],"collection":[{"href":"https:\/\/www.whatsupmp.com\/de\/wp-json\/wp\/v2\/pages"}],"about":[{"href":"https:\/\/www.whatsupmp.com\/de\/wp-json\/wp\/v2\/types\/page"}],"author":[{"embeddable":true,"href":"https:\/\/www.whatsupmp.com\/de\/wp-json\/wp\/v2\/users\/1"}],"replies":[{"embeddable":true,"href":"https:\/\/www.whatsupmp.com\/de\/wp-json\/wp\/v2\/comments?post=710"}],"version-history":[{"count":2,"href":"https:\/\/www.whatsupmp.com\/de\/wp-json\/wp\/v2\/pages\/710\/revisions"}],"predecessor-version":[{"id":712,"href":"https:\/\/www.whatsupmp.com\/de\/wp-json\/wp\/v2\/pages\/710\/revisions\/712"}],"wp:attachment":[{"href":"https:\/\/www.whatsupmp.com\/de\/wp-json\/wp\/v2\/media?parent=710"}],"curies":[{"name":"wp","href":"https:\/\/api.w.org\/{rel}","templated":true}]}}